{"id":691,"date":"2018-03-19T12:59:40","date_gmt":"2018-03-19T12:59:40","guid":{"rendered":"http:\/\/zest-agency.com\/politica-de-cookies\/"},"modified":"2019-05-28T09:56:38","modified_gmt":"2019-05-28T09:56:38","slug":"politica-de-cookies","status":"publish","type":"page","link":"https:\/\/zest-agency.com\/en\/politica-de-cookies\/","title":{"rendered":"Pol\u00edtica de cookies"},"content":{"rendered":"<div data-elementor-type=\"wp-post\" data-elementor-id=\"691\" class=\"elementor elementor-691\" data-elementor-post-type=\"page\">\n\t\t\t\t\t\t<header class=\"elementor-section elementor-top-section elementor-element elementor-element-630ae35 elementor-section-full_width elementor-section-height-min-height elementor-section-height-default elementor-section-items-middle\" data-id=\"630ae35\" data-element_type=\"section\" data-settings=\"{&quot;background_background&quot;:&quot;classic&quot;}\">\n\t\t\t\t\t\t\t<div class=\"elementor-background-overlay\"><\/div>\n\t\t\t\t\t\t\t<div class=\"elementor-container elementor-column-gap-default\">\n\t\t\t\t\t<div class=\"elementor-column elementor-col-100 elementor-top-column elementor-element elementor-element-ab5a915\" data-id=\"ab5a915\" data-element_type=\"column\">\n\t\t\t<div class=\"elementor-widget-wrap elementor-element-populated\">\n\t\t\t\t\t\t<div class=\"elementor-element elementor-element-5363bd6 elementor-widget elementor-widget-heading\" data-id=\"5363bd6\" data-element_type=\"widget\" data-widget_type=\"heading.default\">\n\t\t\t\t<div class=\"elementor-widget-container\">\n\t\t\t\t\t<h1 class=\"elementor-heading-title elementor-size-default\">Pol\u00edtica de Cookies<\/h1>\t\t\t\t<\/div>\n\t\t\t\t<\/div>\n\t\t\t\t\t<\/div>\n\t\t<\/div>\n\t\t\t\t\t<\/div>\n\t\t<\/header>\n\t\t\t\t<section class=\"elementor-section elementor-top-section elementor-element elementor-element-79ffa748 elementor-section-content-middle elementor-section-boxed elementor-section-height-default elementor-section-height-default\" data-id=\"79ffa748\" data-element_type=\"section\" data-settings=\"{&quot;background_background&quot;:&quot;classic&quot;}\">\n\t\t\t\t\t\t<div class=\"elementor-container elementor-column-gap-no\">\n\t\t\t\t\t<div class=\"elementor-column elementor-col-100 elementor-top-column elementor-element elementor-element-6dee2e8e\" data-id=\"6dee2e8e\" data-element_type=\"column\">\n\t\t\t<div class=\"elementor-widget-wrap elementor-element-populated\">\n\t\t\t\t\t\t<section class=\"elementor-section elementor-inner-section elementor-element elementor-element-798a21dc elementor-section-content-middle elementor-section-boxed elementor-section-height-default elementor-section-height-default\" data-id=\"798a21dc\" data-element_type=\"section\">\n\t\t\t\t\t\t<div class=\"elementor-container elementor-column-gap-no\">\n\t\t\t\t\t<div class=\"elementor-column elementor-col-100 elementor-inner-column elementor-element elementor-element-2f1a8aca\" data-id=\"2f1a8aca\" data-element_type=\"column\">\n\t\t\t<div class=\"elementor-widget-wrap elementor-element-populated\">\n\t\t\t\t\t\t<div class=\"elementor-element elementor-element-7083f48f elementor-widget elementor-widget-heading\" data-id=\"7083f48f\" data-element_type=\"widget\" data-widget_type=\"heading.default\">\n\t\t\t\t<div class=\"elementor-widget-container\">\n\t\t\t\t\t<h4 class=\"elementor-heading-title elementor-size-default\">\u00bfQu\u00e9 es una cookie?<\/h4>\t\t\t\t<\/div>\n\t\t\t\t<\/div>\n\t\t\t\t<div class=\"elementor-element elementor-element-666921e6 elementor-widget-divider--view-line elementor-widget elementor-widget-divider\" data-id=\"666921e6\" data-element_type=\"widget\" data-widget_type=\"divider.default\">\n\t\t\t\t<div class=\"elementor-widget-container\">\n\t\t\t\t\t\t\t<div class=\"elementor-divider\">\n\t\t\t<span class=\"elementor-divider-separator\">\n\t\t\t\t\t\t<\/span>\n\t\t<\/div>\n\t\t\t\t\t\t<\/div>\n\t\t\t\t<\/div>\n\t\t\t\t<div class=\"elementor-element elementor-element-78c26bc5 elementor-widget elementor-widget-text-editor\" data-id=\"78c26bc5\" data-element_type=\"widget\" data-widget_type=\"text-editor.default\">\n\t\t\t\t<div class=\"elementor-widget-container\">\n\t\t\t\t\t\t\t\t\t<p>Una <em>cookie<\/em> es un peque\u00f1o fichero de texto que se almacena en su navegador cuando visita casi cualquier p\u00e1gina web. Su utilidad es que la web sea capaz de recordar su visita cuando vuelva a navegar por esa p\u00e1gina. Las <em>cookies<\/em> suelen almacenar informaci\u00f3n de car\u00e1cter t\u00e9cnico, preferencias personales, personalizaci\u00f3n de contenidos, estad\u00edsticas de uso, enlaces a redes sociales, acceso a cuentas de usuario, etc. El objetivo de la <em>cookie<\/em> es adaptar el contenido de la web a su perfil y necesidades, sin <em>cookies<\/em> los servicios ofrecidos por cualquier p\u00e1gina se ver\u00edan mermados notablemente. Si desea consultar m\u00e1s informaci\u00f3n sobre qu\u00e9 son las <em>cookies<\/em>, qu\u00e9 almacenan, c\u00f3mo eliminarlas, desactivarlas, etc., <a href=\"https:\/\/zest-agency.com\/informacion-sobre-cookies\" data-wplink-edit=\"true\">le rogamos se dirija a este enlace.<\/a><\/p>\t\t\t\t\t\t\t\t<\/div>\n\t\t\t\t<\/div>\n\t\t\t\t\t<\/div>\n\t\t<\/div>\n\t\t\t\t\t<\/div>\n\t\t<\/section>\n\t\t\t\t<section class=\"elementor-section elementor-inner-section elementor-element elementor-element-5e9441d6 elementor-section-content-middle elementor-section-boxed elementor-section-height-default elementor-section-height-default\" data-id=\"5e9441d6\" data-element_type=\"section\">\n\t\t\t\t\t\t<div class=\"elementor-container elementor-column-gap-no\">\n\t\t\t\t\t<div class=\"elementor-column elementor-col-100 elementor-inner-column elementor-element elementor-element-dafb9ca\" data-id=\"dafb9ca\" data-element_type=\"column\">\n\t\t\t<div class=\"elementor-widget-wrap elementor-element-populated\">\n\t\t\t\t\t\t<div class=\"elementor-element elementor-element-4bf8755e elementor-widget elementor-widget-heading\" data-id=\"4bf8755e\" data-element_type=\"widget\" data-widget_type=\"heading.default\">\n\t\t\t\t<div class=\"elementor-widget-container\">\n\t\t\t\t\t<h4 class=\"elementor-heading-title elementor-size-default\">Cookies utilizadas en este sitio web<\/h4>\t\t\t\t<\/div>\n\t\t\t\t<\/div>\n\t\t\t\t<div class=\"elementor-element elementor-element-50cd472f elementor-widget-divider--view-line elementor-widget elementor-widget-divider\" data-id=\"50cd472f\" data-element_type=\"widget\" data-widget_type=\"divider.default\">\n\t\t\t\t<div class=\"elementor-widget-container\">\n\t\t\t\t\t\t\t<div class=\"elementor-divider\">\n\t\t\t<span class=\"elementor-divider-separator\">\n\t\t\t\t\t\t<\/span>\n\t\t<\/div>\n\t\t\t\t\t\t<\/div>\n\t\t\t\t<\/div>\n\t\t\t\t<div class=\"elementor-element elementor-element-39cb1d48 elementor-widget elementor-widget-text-editor\" data-id=\"39cb1d48\" data-element_type=\"widget\" data-widget_type=\"text-editor.default\">\n\t\t\t\t<div class=\"elementor-widget-container\">\n\t\t\t\t\t\t\t\t\t<p>Siguiendo las directrices de la Agencia Espa\u00f1ola de Protecci\u00f3n de Datos procedemos a detallar el uso de <em>cookies<\/em> que hace esta web con el fin de informarle con la m\u00e1xima exactitud posible.<\/p><p>Este sitio web utiliza las siguientes <strong>cookies propias<\/strong>:<\/p><ul><li>Cookies de sesi\u00f3n, para garantizar que los usuarios que escriban comentarios en el blog sean humanos y no aplicaciones automatizadas. De esta forma se combate el <em>spam<\/em>.<\/li><\/ul><p>Este sitio web utiliza las siguientes <strong>cookies de terceros<\/strong>:<\/p><ul><li>Google Analytics: Almacena <em>cookies<\/em> para poder elaborar estad\u00edsticas sobre el tr\u00e1fico y volumen de visitas de esta web. Al utilizar este sitio web est\u00e1 consintiendo el tratamiento de informaci\u00f3n acerca de usted por Google. Por tanto, el ejercicio de cualquier derecho en este sentido deber\u00e1 hacerlo comunicando directamente con Google.<br \/><br \/><\/li><li>Redes sociales: Cada red social utiliza sus propias <em>cookies<\/em> para que usted pueda pinchar en botones del tipo <em>Me gusta<\/em> or <em>Compartir<\/em>.<\/li><\/ul>\t\t\t\t\t\t\t\t<\/div>\n\t\t\t\t<\/div>\n\t\t\t\t\t<\/div>\n\t\t<\/div>\n\t\t\t\t\t<\/div>\n\t\t<\/section>\n\t\t\t\t<section class=\"elementor-section elementor-inner-section elementor-element elementor-element-10cad658 elementor-section-content-middle elementor-section-boxed elementor-section-height-default elementor-section-height-default\" data-id=\"10cad658\" data-element_type=\"section\">\n\t\t\t\t\t\t<div class=\"elementor-container elementor-column-gap-no\">\n\t\t\t\t\t<div class=\"elementor-column elementor-col-100 elementor-inner-column elementor-element elementor-element-4c601810\" data-id=\"4c601810\" data-element_type=\"column\">\n\t\t\t<div class=\"elementor-widget-wrap elementor-element-populated\">\n\t\t\t\t\t\t<div class=\"elementor-element elementor-element-407c5dc8 elementor-widget elementor-widget-heading\" data-id=\"407c5dc8\" data-element_type=\"widget\" data-widget_type=\"heading.default\">\n\t\t\t\t<div class=\"elementor-widget-container\">\n\t\t\t\t\t<h4 class=\"elementor-heading-title elementor-size-default\">Desactivaci\u00f3n o eliminaci\u00f3n de cookies<\/h4>\t\t\t\t<\/div>\n\t\t\t\t<\/div>\n\t\t\t\t<div class=\"elementor-element elementor-element-389f9244 elementor-widget-divider--view-line elementor-widget elementor-widget-divider\" data-id=\"389f9244\" data-element_type=\"widget\" data-widget_type=\"divider.default\">\n\t\t\t\t<div class=\"elementor-widget-container\">\n\t\t\t\t\t\t\t<div class=\"elementor-divider\">\n\t\t\t<span class=\"elementor-divider-separator\">\n\t\t\t\t\t\t<\/span>\n\t\t<\/div>\n\t\t\t\t\t\t<\/div>\n\t\t\t\t<\/div>\n\t\t\t\t<div class=\"elementor-element elementor-element-79c3a729 elementor-widget elementor-widget-text-editor\" data-id=\"79c3a729\" data-element_type=\"widget\" data-widget_type=\"text-editor.default\">\n\t\t\t\t<div class=\"elementor-widget-container\">\n\t\t\t\t\t\t\t\t\t<p>En cualquier momento podr\u00e1 ejercer su derecho de desactivaci\u00f3n o eliminaci\u00f3n de cookies de este sitio web. Estas acciones se realizan de forma diferente en funci\u00f3n del navegador que est\u00e9 usando. <a href=\"https:\/\/zest-agency.com\/informacion-sobre-cookies\">Aqu\u00ed le dejamos una gu\u00eda r\u00e1pida para los navegadores m\u00e1s populares<\/a>.<\/p>\t\t\t\t\t\t\t\t<\/div>\n\t\t\t\t<\/div>\n\t\t\t\t\t<\/div>\n\t\t<\/div>\n\t\t\t\t\t<\/div>\n\t\t<\/section>\n\t\t\t\t<section class=\"elementor-section elementor-inner-section elementor-element elementor-element-6c5a5cb7 elementor-section-content-middle elementor-section-boxed elementor-section-height-default elementor-section-height-default\" data-id=\"6c5a5cb7\" data-element_type=\"section\">\n\t\t\t\t\t\t<div class=\"elementor-container elementor-column-gap-no\">\n\t\t\t\t\t<div class=\"elementor-column elementor-col-100 elementor-inner-column elementor-element elementor-element-121da4fb\" data-id=\"121da4fb\" data-element_type=\"column\">\n\t\t\t<div class=\"elementor-widget-wrap elementor-element-populated\">\n\t\t\t\t\t\t<div class=\"elementor-element elementor-element-59cf7d2 elementor-widget elementor-widget-heading\" data-id=\"59cf7d2\" data-element_type=\"widget\" data-widget_type=\"heading.default\">\n\t\t\t\t<div class=\"elementor-widget-container\">\n\t\t\t\t\t<h4 class=\"elementor-heading-title elementor-size-default\">Notas Adicionales<\/h4>\t\t\t\t<\/div>\n\t\t\t\t<\/div>\n\t\t\t\t<div class=\"elementor-element elementor-element-52607a9e elementor-widget-divider--view-line elementor-widget elementor-widget-divider\" data-id=\"52607a9e\" data-element_type=\"widget\" data-widget_type=\"divider.default\">\n\t\t\t\t<div class=\"elementor-widget-container\">\n\t\t\t\t\t\t\t<div class=\"elementor-divider\">\n\t\t\t<span class=\"elementor-divider-separator\">\n\t\t\t\t\t\t<\/span>\n\t\t<\/div>\n\t\t\t\t\t\t<\/div>\n\t\t\t\t<\/div>\n\t\t\t\t<div class=\"elementor-element elementor-element-77de6bf2 elementor-widget elementor-widget-text-editor\" data-id=\"77de6bf2\" data-element_type=\"widget\" data-widget_type=\"text-editor.default\">\n\t\t\t\t<div class=\"elementor-widget-container\">\n\t\t\t\t\t\t\t\t\t<ul><li>Ni esta web ni sus representantes legales se hacen responsables ni del contenido ni de la veracidad de las pol\u00edticas de privacidad que puedan tener los terceros mencionados en esta pol\u00edtica de <em>cookies<\/em>.<br \/><br \/><\/li><li>Los navegadores web son las herramientas encargadas de almacenar las <em>cookies<\/em> y desde este lugar debe efectuar su derecho a eliminaci\u00f3n o desactivaci\u00f3n de las mismas. Ni esta web ni sus representantes legales pueden garantizar la correcta o incorrecta manipulaci\u00f3n de las <em>cookies<\/em> por parte de los mencionados navegadores.<br \/><br \/><\/li><li>En algunos casos es necesario instalar <em>cookies<\/em> para que el navegador no olvide su decisi\u00f3n de no aceptaci\u00f3n de las mismas.<br \/><br \/><\/li><li>En el caso de las <em>cookies<\/em> de Google Analytics, esta empresa almacena las <em>cookies<\/em> en servidores ubicados en Estados Unidos y se compromete a no compartirla con terceros, excepto en los casos en los que sea necesario para el funcionamiento del sistema o cuando la ley obligue a tal efecto. Seg\u00fan Google no guarda su direcci\u00f3n IP. Google Inc. es una compa\u00f1\u00eda adherida al Acuerdo de Puerto Seguro que garantiza que todos los datos transferidos ser\u00e1n tratados con un nivel de protecci\u00f3n acorde a la normativa europea. Puede consultar informaci\u00f3n detallada a este respecto <a href=\"http:\/\/safeharbor.export.gov\/companyinfo.aspx?id=16626\" target=\"_blank\" rel=\"noopener\">en este enlace<\/a>. Si desea informaci\u00f3n sobre el uso que Google da a las cookies <a href=\"https:\/\/developers.google.com\/analytics\/devguides\/collection\/analyticsjs\/cookie-usage?hl=es&amp;csw=1\" target=\"_blank\" rel=\"noopener\">le adjuntamos este otro enlace<\/a>.<br \/><br \/><\/li><li>Para cualquier duda o consulta acerca de esta pol\u00edtica de <em>cookies<\/em> no dude en comunicarse con nosotros a trav\u00e9s de la secci\u00f3n de contacto.<\/li><\/ul>\t\t\t\t\t\t\t\t<\/div>\n\t\t\t\t<\/div>\n\t\t\t\t\t<\/div>\n\t\t<\/div>\n\t\t\t\t\t<\/div>\n\t\t<\/section>\n\t\t\t\t\t<\/div>\n\t\t<\/div>\n\t\t\t\t\t<\/div>\n\t\t<\/section>\n\t\t\t\t<\/div>","protected":false},"excerpt":{"rendered":"<p>Pol\u00edtica de Cookies \u00bfQu\u00e9 es una cookie? Una cookie es un peque\u00f1o fichero de texto que se almacena en su navegador cuando visita casi cualquier p\u00e1gina web. Su utilidad es que la web sea capaz de recordar su visita cuando vuelva a navegar por esa p\u00e1gina. Las cookies suelen almacenar informaci\u00f3n de car\u00e1cter t\u00e9cnico, preferencias [&hellip;]<\/p>","protected":false},"author":1,"featured_media":0,"parent":0,"menu_order":0,"comment_status":"closed","ping_status":"closed","template":"elementor_header_footer","meta":{"om_disable_all_campaigns":false,"_uf_show_specific_survey":0,"_uf_disable_surveys":false,"footnotes":""},"class_list":["post-691","page","type-page","status-publish","hentry"],"yoast_head":"<!-- This site is optimized with the Yoast SEO plugin v24.8.1 - https:\/\/yoast.com\/wordpress\/plugins\/seo\/ -->\n<title>Pol\u00edtica de Cookies | Zest | Agencia de Marketing Digital en Madrid<\/title>\n<meta name=\"description\" content=\"Conoce nuestra Pol\u00edtica de Cookies, cuyo objetivo es informarle de forma clara y sencilla que Cookies utiliza nuestra P\u00e1gina Web.\" \/>\n<meta name=\"robots\" content=\"index, follow, max-snippet:-1, max-image-preview:large, max-video-preview:-1\" \/>\n<link rel=\"canonical\" href=\"https:\/\/zest-agency.com\/en\/politica-de-cookies\/\" \/>\n<meta property=\"og:locale\" content=\"en_US\" \/>\n<meta property=\"og:type\" content=\"article\" \/>\n<meta property=\"og:title\" content=\"Pol\u00edtica de Cookies | Zest | Agencia de Marketing Digital en Madrid\" \/>\n<meta property=\"og:description\" content=\"Conoce nuestra Pol\u00edtica de Cookies, cuyo objetivo es informarle de forma clara y sencilla que Cookies utiliza nuestra P\u00e1gina Web.\" \/>\n<meta property=\"og:url\" content=\"https:\/\/zest-agency.com\/en\/politica-de-cookies\/\" \/>\n<meta property=\"og:site_name\" content=\"Zest\" \/>\n<meta property=\"article:publisher\" content=\"https:\/\/www.facebook.com\/ZestAgencyEs\/\" \/>\n<meta property=\"article:modified_time\" content=\"2019-05-28T09:56:38+00:00\" \/>\n<meta name=\"twitter:card\" content=\"summary_large_image\" \/>\n<meta name=\"twitter:site\" content=\"@Zest_Agency\" \/>\n<meta name=\"twitter:label1\" content=\"Est. reading time\" \/>\n\t<meta name=\"twitter:data1\" content=\"3 minutes\" \/>\n<script type=\"application\/ld+json\" class=\"yoast-schema-graph\">{\"@context\":\"https:\/\/schema.org\",\"@graph\":[{\"@type\":\"WebPage\",\"@id\":\"https:\/\/zest-agency.com\/politica-de-cookies\/\",\"url\":\"https:\/\/zest-agency.com\/politica-de-cookies\/\",\"name\":\"Pol\u00edtica de Cookies | Zest | Agencia de Marketing Digital en Madrid\",\"isPartOf\":{\"@id\":\"https:\/\/zest-agency.com\/#website\"},\"datePublished\":\"2018-03-19T12:59:40+00:00\",\"dateModified\":\"2019-05-28T09:56:38+00:00\",\"description\":\"Conoce nuestra Pol\u00edtica de Cookies, cuyo objetivo es informarle de forma clara y sencilla que Cookies utiliza nuestra P\u00e1gina Web.\",\"breadcrumb\":{\"@id\":\"https:\/\/zest-agency.com\/politica-de-cookies\/#breadcrumb\"},\"inLanguage\":\"en-US\",\"potentialAction\":[{\"@type\":\"ReadAction\",\"target\":[\"https:\/\/zest-agency.com\/politica-de-cookies\/\"]}]},{\"@type\":\"BreadcrumbList\",\"@id\":\"https:\/\/zest-agency.com\/politica-de-cookies\/#breadcrumb\",\"itemListElement\":[{\"@type\":\"ListItem\",\"position\":1,\"name\":\"Portada\",\"item\":\"https:\/\/zest-agency.com\/\"},{\"@type\":\"ListItem\",\"position\":2,\"name\":\"Pol\u00edtica de cookies\"}]},{\"@type\":\"WebSite\",\"@id\":\"https:\/\/zest-agency.com\/#website\",\"url\":\"https:\/\/zest-agency.com\/\",\"name\":\"Zest\",\"description\":\"Zest, es una agencia de marketing digital en Madrid, que ofrece soluciones digitales 360\u00ba\",\"publisher\":{\"@id\":\"https:\/\/zest-agency.com\/#organization\"},\"potentialAction\":[{\"@type\":\"SearchAction\",\"target\":{\"@type\":\"EntryPoint\",\"urlTemplate\":\"https:\/\/zest-agency.com\/?s={search_term_string}\"},\"query-input\":{\"@type\":\"PropertyValueSpecification\",\"valueRequired\":true,\"valueName\":\"search_term_string\"}}],\"inLanguage\":\"en-US\"},{\"@type\":\"Organization\",\"@id\":\"https:\/\/zest-agency.com\/#organization\",\"name\":\"Zest-Agency\",\"url\":\"https:\/\/zest-agency.com\/\",\"logo\":{\"@type\":\"ImageObject\",\"inLanguage\":\"en-US\",\"@id\":\"https:\/\/zest-agency.com\/#\/schema\/logo\/image\/\",\"url\":\"https:\/\/zest-agency.com\/wp-content\/uploads\/2018\/03\/cropped-fav.png\",\"contentUrl\":\"https:\/\/zest-agency.com\/wp-content\/uploads\/2018\/03\/cropped-fav.png\",\"width\":512,\"height\":512,\"caption\":\"Zest-Agency\"},\"image\":{\"@id\":\"https:\/\/zest-agency.com\/#\/schema\/logo\/image\/\"},\"sameAs\":[\"https:\/\/www.facebook.com\/ZestAgencyEs\/\",\"https:\/\/x.com\/Zest_Agency\",\"https:\/\/www.instagram.com\/zestagencyes\/\",\"https:\/\/www.linkedin.com\/company\/zest-agency\"]}]}<\/script>\n<!-- \/ Yoast SEO plugin. -->","yoast_head_json":{"title":"Pol\u00edtica de Cookies | Zest | Agencia de Marketing Digital en Madrid","description":"Conoce nuestra Pol\u00edtica de Cookies, cuyo objetivo es informarle de forma clara y sencilla que Cookies utiliza nuestra P\u00e1gina Web.","robots":{"index":"index","follow":"follow","max-snippet":"max-snippet:-1","max-image-preview":"max-image-preview:large","max-video-preview":"max-video-preview:-1"},"canonical":"https:\/\/zest-agency.com\/en\/politica-de-cookies\/","og_locale":"en_US","og_type":"article","og_title":"Pol\u00edtica de Cookies | Zest | Agencia de Marketing Digital en Madrid","og_description":"Conoce nuestra Pol\u00edtica de Cookies, cuyo objetivo es informarle de forma clara y sencilla que Cookies utiliza nuestra P\u00e1gina Web.","og_url":"https:\/\/zest-agency.com\/en\/politica-de-cookies\/","og_site_name":"Zest","article_publisher":"https:\/\/www.facebook.com\/ZestAgencyEs\/","article_modified_time":"2019-05-28T09:56:38+00:00","twitter_card":"summary_large_image","twitter_site":"@Zest_Agency","twitter_misc":{"Est. reading time":"3 minutes"},"schema":{"@context":"https:\/\/schema.org","@graph":[{"@type":"WebPage","@id":"https:\/\/zest-agency.com\/politica-de-cookies\/","url":"https:\/\/zest-agency.com\/politica-de-cookies\/","name":"Pol\u00edtica de Cookies | Zest | Agencia de Marketing Digital en Madrid","isPartOf":{"@id":"https:\/\/zest-agency.com\/#website"},"datePublished":"2018-03-19T12:59:40+00:00","dateModified":"2019-05-28T09:56:38+00:00","description":"Conoce nuestra Pol\u00edtica de Cookies, cuyo objetivo es informarle de forma clara y sencilla que Cookies utiliza nuestra P\u00e1gina Web.","breadcrumb":{"@id":"https:\/\/zest-agency.com\/politica-de-cookies\/#breadcrumb"},"inLanguage":"en-US","potentialAction":[{"@type":"ReadAction","target":["https:\/\/zest-agency.com\/politica-de-cookies\/"]}]},{"@type":"BreadcrumbList","@id":"https:\/\/zest-agency.com\/politica-de-cookies\/#breadcrumb","itemListElement":[{"@type":"ListItem","position":1,"name":"Portada","item":"https:\/\/zest-agency.com\/"},{"@type":"ListItem","position":2,"name":"Pol\u00edtica de cookies"}]},{"@type":"WebSite","@id":"https:\/\/zest-agency.com\/#website","url":"https:\/\/zest-agency.com\/","name":"Zest","description":"Zest, es una agencia de marketing digital en Madrid, que ofrece soluciones digitales 360\u00ba","publisher":{"@id":"https:\/\/zest-agency.com\/#organization"},"potentialAction":[{"@type":"SearchAction","target":{"@type":"EntryPoint","urlTemplate":"https:\/\/zest-agency.com\/?s={search_term_string}"},"query-input":{"@type":"PropertyValueSpecification","valueRequired":true,"valueName":"search_term_string"}}],"inLanguage":"en-US"},{"@type":"Organization","@id":"https:\/\/zest-agency.com\/#organization","name":"Zest-Agency","url":"https:\/\/zest-agency.com\/","logo":{"@type":"ImageObject","inLanguage":"en-US","@id":"https:\/\/zest-agency.com\/#\/schema\/logo\/image\/","url":"https:\/\/zest-agency.com\/wp-content\/uploads\/2018\/03\/cropped-fav.png","contentUrl":"https:\/\/zest-agency.com\/wp-content\/uploads\/2018\/03\/cropped-fav.png","width":512,"height":512,"caption":"Zest-Agency"},"image":{"@id":"https:\/\/zest-agency.com\/#\/schema\/logo\/image\/"},"sameAs":["https:\/\/www.facebook.com\/ZestAgencyEs\/","https:\/\/x.com\/Zest_Agency","https:\/\/www.instagram.com\/zestagencyes\/","https:\/\/www.linkedin.com\/company\/zest-agency"]}]}},"_links":{"self":[{"href":"https:\/\/zest-agency.com\/en\/wp-json\/wp\/v2\/pages\/691","targetHints":{"allow":["GET"]}}],"collection":[{"href":"https:\/\/zest-agency.com\/en\/wp-json\/wp\/v2\/pages"}],"about":[{"href":"https:\/\/zest-agency.com\/en\/wp-json\/wp\/v2\/types\/page"}],"author":[{"embeddable":true,"href":"https:\/\/zest-agency.com\/en\/wp-json\/wp\/v2\/users\/1"}],"replies":[{"embeddable":true,"href":"https:\/\/zest-agency.com\/en\/wp-json\/wp\/v2\/comments?post=691"}],"version-history":[{"count":1,"href":"https:\/\/zest-agency.com\/en\/wp-json\/wp\/v2\/pages\/691\/revisions"}],"predecessor-version":[{"id":3260,"href":"https:\/\/zest-agency.com\/en\/wp-json\/wp\/v2\/pages\/691\/revisions\/3260"}],"wp:attachment":[{"href":"https:\/\/zest-agency.com\/en\/wp-json\/wp\/v2\/media?parent=691"}],"curies":[{"name":"wp","href":"https:\/\/api.w.org\/{rel}","templated":true}]}}